{"id":3755,"date":"2024-06-14T16:10:21","date_gmt":"2024-06-14T16:10:21","guid":{"rendered":"https:\/\/mdm.univpm.it\/mdm\/?page_id=3755"},"modified":"2024-09-06T10:16:15","modified_gmt":"2024-09-06T10:16:15","slug":"bip-event","status":"publish","type":"page","link":"https:\/\/mdm.univpm.it\/mdm\/bip-event\/","title":{"rendered":"BIP Event"},"content":{"rendered":"<div class=\"wp-block-image\">\n<figure class=\"aligncenter size-large is-resized\"><img fetchpriority=\"high\" decoding=\"async\" width=\"1024\" height=\"346\" src=\"https:\/\/mdm.univpm.it\/wp-content\/uploads\/sites\/2\/2024\/06\/HeadlineBIP-1024x346.png\" alt=\"\" class=\"wp-image-3760\" style=\"width:841px;height:auto\" srcset=\"https:\/\/mdm.univpm.it\/wp-content\/uploads\/sites\/2\/2024\/06\/HeadlineBIP-1024x346.png 1024w, https:\/\/mdm.univpm.it\/wp-content\/uploads\/sites\/2\/2024\/06\/HeadlineBIP-300x101.png 300w, https:\/\/mdm.univpm.it\/wp-content\/uploads\/sites\/2\/2024\/06\/HeadlineBIP-768x260.png 768w, https:\/\/mdm.univpm.it\/wp-content\/uploads\/sites\/2\/2024\/06\/HeadlineBIP-1536x519.png 1536w, https:\/\/mdm.univpm.it\/wp-content\/uploads\/sites\/2\/2024\/06\/HeadlineBIP.png 1654w\" sizes=\"(max-width: 1024px) 100vw, 1024px\" \/><\/figure>\n<\/div>\n\n\n<p><\/p>\n\n\n\n<p><\/p>\n\n\n\n<div class=\"wp-block-group is-vertical is-content-justification-center is-layout-flex wp-container-core-group-is-layout-4b2eccd6 wp-block-group-is-layout-flex\">\n<div class=\"wp-block-group\"><div class=\"wp-block-group__inner-container is-layout-constrained wp-block-group-is-layout-constrained\">\n<div class=\"wp-block-group is-vertical is-layout-flex wp-container-core-group-is-layout-8cf370e7 wp-block-group-is-layout-flex\">\n<div class=\"wp-block-group is-vertical is-content-justification-center is-layout-flex wp-container-core-group-is-layout-4b2eccd6 wp-block-group-is-layout-flex\">\n<div class=\"wp-block-group is-vertical is-content-justification-center is-layout-flex wp-container-core-group-is-layout-4b2eccd6 wp-block-group-is-layout-flex\">\n<h2 class=\"wp-block-heading\"><strong>BANDO DI SELEZIONE ERASMUS+<\/strong><\/h2>\n\n\n\n<p style=\"font-size:20px\"><strong>A.A. 2023\/2024<\/strong><\/p>\n\n\n\n<p class=\"has-text-align-center\" style=\"font-size:20px\"><strong>MOBILIT\u00c0 PER STUDIO (SMS) PER<\/strong> <strong>PARTECIPARE AL<\/strong><br><strong>BLENDED INTENSIVE PROGRAMME DAL TITOLO:<\/strong><\/p>\n<\/div>\n<\/div>\n<\/div>\n<\/div><\/div>\n<\/div>\n\n\n\n<p class=\"has-text-align-center\" style=\"font-size:26px\"><strong><mark style=\"color:#0179bf\" class=\"has-inline-color\">New Perspectives in Robotics for Industry 5.0<\/mark><\/strong><\/p>\n\n\n\n<p><strong>Che cosa \u00e8 un ERASMUS BIP<\/strong><\/p>\n\n\n\n<p>L\u2019Azione Chiave 1 del programma Erasmus+ 2021-2027 prevede l\u2019attuazione di <strong>programmi intensivi misti<\/strong> \u2013 <strong>blended intensive programmes, BIP<\/strong>. Sviluppati da gruppi di Istituti di istruzione superiore con un <strong>approccio pedagogico innovativo<\/strong>, i BIP prevedono brevi periodi di<strong> attivit\u00e0 in presenza combinata con<\/strong> attivit\u00e0 di apprendimento e <strong>cooperazione online<\/strong>, a cui possono partecipare gruppi congiunti di studenti, personale docente e staff amministrativo provenienti <strong>da diversi Paesi <\/strong>per collaborare a specifici compiti in modo collettivo e simultaneo<\/p>\n\n\n\n<p><strong>Presentazione del BIP \u201cNew Perspectives in Robotics for Industry 5.0\u201d<\/strong><\/p>\n\n\n\n<div class=\"wp-block-group is-vertical is-layout-flex wp-container-core-group-is-layout-8cf370e7 wp-block-group-is-layout-flex\">\n<p>Il progetto mira a coltivare le competenze tecniche e il pensiero innovativo dei partecipanti attraverso un programma incentrato sull&#8217;applicazione della robotica nel controllo qualit\u00e0 e nella produzione. Questa iniziativa fornir\u00e0 ai partecipanti le conoscenze necessarie per integrare i sistemi robotici e i materiali intelligenti nei moderni processi di produzione, migliorando l&#8217;efficienza e la qualit\u00e0 in tutti i settori industriali.<\/p>\n\n\n\n<p>Il BIP oggetto del bando \u00e8 composto da un partenariato di n. 3 universit\u00e0:<\/p>\n\n\n\n<ul class=\"wp-block-list\">\n<li>Coordinatore: Universit\u00e0 Politecnica delle Marche \u2013 I ANCONA 01<\/li>\n\n\n\n<li>Partner 1: The Politehnica University of Timisoara \u2013 RO TIMISOA 04<\/li>\n\n\n\n<li>Partner 2: Kaunas University of Technology \u2013 LT KAUNAS 02<\/li>\n<\/ul>\n\n\n\n<p>Le attivit\u00e0 seguiranno il <strong>seguente calendario<\/strong>:<\/p>\n\n\n\n<ul class=\"wp-block-list\">\n<li>attivit\u00e0 da remoto in data marted\u00ec <strong>10 settembre 2024<\/strong> &#8211; Presentazione del corso e incontro tra studenti e docenti<\/li>\n\n\n\n<li>attivit\u00e0 in presenza presso la Facolt\u00e0 di Ingegneria dell&#8217;Universit\u00e0 Politecnica delle Marche, <strong>da luned\u00ec 16 a venerd\u00ec 20 settembre 2024<\/strong> &#8211; Lezioni teoriche e pratiche tenute da docenti universitari internazionali<\/li>\n\n\n\n<li>attivit\u00e0 da remoto in data <strong>sabato 12 ottobre 2024<\/strong> &#8211; Presentazione dei lavori di gruppo da parte degli studenti<br><\/li>\n<\/ul>\n<\/div>\n\n\n\n<p><\/p>\n\n\n\n<p><strong>Requisiti di partecipazione<\/strong><\/p>\n\n\n\n<div class=\"wp-block-group is-vertical is-layout-flex wp-container-core-group-is-layout-8cf370e7 wp-block-group-is-layout-flex\">\n<p>Possono presentare domanda di candidatura:<\/p>\n\n\n\n<ul class=\"wp-block-list\">\n<li>studenti iscritti al II\u00b0 e al III\u00b0 anno del Corso di Laurea Triennale in Ingegneria Meccanica.<\/li>\n\n\n\n<li>studenti iscritti al III\u00b0 anno del Corso di Laurea Triennale in Ingegneria Informatica e dell&#8217;Automazione.<\/li>\n<\/ul>\n<\/div>\n\n\n\n<div class=\"wp-block-group is-vertical is-layout-flex wp-container-core-group-is-layout-8cf370e7 wp-block-group-is-layout-flex\">\n<p>Gli studenti candidati devono:<\/p>\n\n\n\n<ul class=\"wp-block-list\">\n<li>aver pagato tasse e contributi per l\u2019A.A. 2023\/2024 a UNIVPM;<\/li>\n\n\n\n<li>avere una conoscenza di livello B2 di inglese.<\/li>\n<\/ul>\n<\/div>\n\n\n\n<div class=\"wp-block-group is-vertical is-layout-flex wp-container-core-group-is-layout-8cf370e7 wp-block-group-is-layout-flex\">\n<p>In particolare, la conoscenza della lingua straniera verr\u00e0 comprovata, in sede di presentazione della domanda di partecipazione all\u2019evento, tramite documentazione:<\/p>\n\n\n\n<ul class=\"wp-block-list\">\n<li>Curriculum Vitae, specificando eventuali esperienze di studio\/formazione\/lavoro all\u2019estero;<\/li>\n\n\n\n<li>Superamento dell\u2019esame LINGUA STRANIERA o certificazione linguistica internazionale;<\/li>\n<\/ul>\n\n\n\n<p>o, in alternativa, verificata di persona durante un breve colloquio con la commissione di reclutamento.<\/p>\n<\/div>\n\n\n\n<p><\/p>\n\n\n\n<p><strong>Borse di mobilit\u00e0<\/strong><\/p>\n\n\n\n<p>\u00c8 ammesso un <strong>massimo di 15 partecipanti <\/strong>per gli studenti iscritti ai corsi dell\u2019Universit\u00e0 Politecnica delle Marche. Per tali studenti non sono previste borse di mobilit\u00e0.<\/p>\n\n\n\n<div class=\"wp-block-group is-vertical is-layout-flex wp-container-core-group-is-layout-8cf370e7 wp-block-group-is-layout-flex\">\n<p>Nelle giornate in presenza, che si terranno dal <strong>16 al 20 settembre 2024<\/strong>, verranno per\u00f2 offerti agli studenti alcuni servizi:<\/p>\n\n\n\n<ul class=\"wp-block-list\">\n<li>Buffet di benvenuto nel Faculty Club in data luned\u00ec 16 settembre;<\/li>\n\n\n\n<li>Pranzo nelle mense ERDIS Marche;<\/li>\n\n\n\n<li>Visita nel centro di Ancona con guida turistica in data mercoled\u00ec 18 settembre;<\/li>\n\n\n\n<li>Trasporto di andata e ritorno in autobus dalla Facolt\u00e0 di Ingegneria in Ancona verso Portonovo (AN) in data gioved\u00ec 19 settembre;<\/li>\n\n\n\n<li>Cena di gruppo in localit\u00e0 Portonovo (AN) in data gioved\u00ec 19 settembre;<\/li>\n\n\n\n<li>Trasporto di andata e ritorno in autobus dalla Facolt\u00e0 di Ingegneria in Ancona verso il laboratorio i-Labs Industry di Jesi (AN) in data venerd\u00ec 20 settembre.<\/li>\n<\/ul>\n<\/div>\n\n\n\n<p><\/p>\n\n\n\n<p><strong>Modalit\u00e0 di candidatura<\/strong><\/p>\n\n\n\n<p>Le candidature devono pervenire entro il <strong>20 luglio 2024<\/strong>, compilando l\u2019apposito form online disponibile cliccando questo <a href=\"https:\/\/forms.office.com\/e\/U5s9bpB7jS?origin=lprLink\">link<\/a>. <\/p>\n\n\n\n<div class=\"wp-block-group is-vertical is-layout-flex wp-container-core-group-is-layout-8cf370e7 wp-block-group-is-layout-flex\">\n<p>Allegati previsti:<\/p>\n\n\n\n<div class=\"wp-block-group is-vertical is-layout-flex wp-container-core-group-is-layout-8cf370e7 wp-block-group-is-layout-flex\">\n<ul class=\"wp-block-list\">\n<li>Curriculum Vitae;<\/li>\n\n\n\n<li>Certificazione linguistica riconosciuta a livello internazionale, se posseduta o Certificazione relativa al superamento dell\u2019esame di lingua Inglese;<\/li>\n<\/ul>\n<\/div>\n<\/div>\n\n\n\n<p><\/p>\n\n\n\n<p><strong>Valutazione delle candidature<\/strong><\/p>\n\n\n\n<div class=\"wp-block-group is-vertical is-layout-flex wp-container-core-group-is-layout-8cf370e7 wp-block-group-is-layout-flex\">\n<p>Gli studenti che presenteranno domanda di partecipazione verranno valutati in merito al proprio curriculum e alla competenza linguistica.<\/p>\n\n\n\n<p>Un punteggio fisso verr\u00e0 attribuito in relazione ai documenti presentati secondo il seguente prospetto:<\/p>\n\n\n\n<p><\/p>\n<\/div>\n\n\n\n<div class=\"wp-block-group is-vertical is-content-justification-center is-layout-flex wp-container-core-group-is-layout-4b2eccd6 wp-block-group-is-layout-flex\">\n<figure class=\"wp-block-table\"><table><tbody><tr><td><strong>Indicatore<\/strong><\/td><td><strong>Punteggio<\/strong><\/td><\/tr><tr><td>Certificazione linguistica\/ esame lingua inglese<\/td><td>max 10 punti<\/td><\/tr><tr><td>Curriculum Vitae<\/td><td>max 20 punti<\/td><\/tr><\/tbody><\/table><\/figure>\n<\/div>\n\n\n\n<p><\/p>\n\n\n\n<p>Seguir\u00e0 un <strong>colloquio a distanza<\/strong> tramite la piattaforma Teams in data <strong>mercoled\u00ec 24 luglio 2024<\/strong> in cui la commissione esaminatrice valuter\u00e0 la conoscenza linguistica, per chi non avesse presentato documentazione scritta a riguardo, ma soprattutto la motivazione dei candidati.<\/p>\n\n\n\n<div class=\"wp-block-group is-vertical is-layout-flex wp-container-core-group-is-layout-8cf370e7 wp-block-group-is-layout-flex\">\n<p>Le domande presentate dagli studenti saranno valutate da una commissione formata da:<\/p>\n\n\n\n<ul class=\"wp-block-list\">\n<li>Prof. Matteo Palpacelli, Presidente<\/li>\n\n\n\n<li>Prof. Giacomo Palmieri<\/li>\n<\/ul>\n<\/div>\n\n\n\n<p><\/p>\n\n\n\n<p><strong>Riconoscimento attivit\u00e0 formativa<\/strong><\/p>\n\n\n\n<p>Per la partecipazione al BIP sono <strong>rilasciati 3 CFU in sovrannumero<\/strong> rispetto al proprio percorso di studi. La commissione esaminatrice valuter\u00e0 il lavoro svolto dagli studenti a fine percorso, esprimendosi in merito al riconoscimento dei crediti formativi.<\/p>\n\n\n\n<p><\/p>\n\n\n\n<p><strong>Pubblicazione graduatorie e accettazione borsa<\/strong><\/p>\n\n\n\n<div class=\"wp-block-group is-vertical is-layout-flex wp-container-core-group-is-layout-8cf370e7 wp-block-group-is-layout-flex\">\n<p>La graduatoria degli idonei alla partecipazione del BIP verr\u00e0 pubblicata il <strong>31\/07\/2024<\/strong> in questa stessa pagina. Non verr\u00e0 inviata ai candidati alcuna comunicazione riguardante l\u2019esito della selezione.<\/p>\n\n\n\n<p>Lo studente \u00e8 tenuto a <strong>confermare la sua partecipazione <\/strong>inviando un\u2019email al presidente della comissione tramite l\u2019indirizzo di posta elettronica: <strong><a href=\"mailto:m.palpacelli@univpm.it\">m.palpacelli@univpm.it<\/a> <\/strong>. In caso di mancata conferma da parte dello studente la candidatura verr\u00e0 cancellata e si proceder\u00e0 a contattare il successivo nominativo nella graduatoria degli idonei con l\u2019invio di un\u2019email personale all\u2019indirizzo di posta elettronica istituzionale.<\/p>\n\n\n\n<p><strong>Lo studente che ha confermato la partecipazione al BIP potr\u00e0 rinunciare solo per causa di forza maggiore da motivare tramite email allo stesso indirizzo: <a href=\"mailto:m.palpacelli@univpm.it\">m.palpacelli@univpm.it<\/a> .<\/strong><\/p>\n<\/div>\n\n\n\n<p><\/p>\n\n\n\n<h1 class=\"wp-block-heading has-text-align-center\"><strong>Programma del corso<\/strong><\/h1>\n\n\n<div class=\"wp-block-image\">\n<figure class=\"aligncenter size-large\"><img decoding=\"async\" width=\"1024\" height=\"615\" src=\"https:\/\/mdm.univpm.it\/wp-content\/uploads\/sites\/2\/2024\/06\/BIP-Program-1024x615.png\" alt=\"\" class=\"wp-image-3785\" srcset=\"https:\/\/mdm.univpm.it\/wp-content\/uploads\/sites\/2\/2024\/06\/BIP-Program-1024x615.png 1024w, https:\/\/mdm.univpm.it\/wp-content\/uploads\/sites\/2\/2024\/06\/BIP-Program-300x180.png 300w, https:\/\/mdm.univpm.it\/wp-content\/uploads\/sites\/2\/2024\/06\/BIP-Program-768x461.png 768w, https:\/\/mdm.univpm.it\/wp-content\/uploads\/sites\/2\/2024\/06\/BIP-Program-1536x923.png 1536w, https:\/\/mdm.univpm.it\/wp-content\/uploads\/sites\/2\/2024\/06\/BIP-Program.png 1645w\" sizes=\"(max-width: 1024px) 100vw, 1024px\" \/><\/figure>\n<\/div>\n\n\n<p><\/p>\n\n\n\n<h2 class=\"wp-block-heading\">Lista dei partecipanti selezionati<\/h2>\n\n\n\n<figure class=\"wp-block-table is-style-regular\"><table class=\"has-pale-cyan-blue-background-color has-background\"><thead><tr><th class=\"has-text-align-left\" data-align=\"left\">Cognome<\/th><th class=\"has-text-align-left\" data-align=\"left\">Nome<\/th><th class=\"has-text-align-left\" data-align=\"left\">Corso di Laurea<\/th><\/tr><\/thead><tbody><tr><td class=\"has-text-align-left\" data-align=\"left\">Fabiocchi<\/td><td class=\"has-text-align-left\" data-align=\"left\">Francesco<\/td><td class=\"has-text-align-left\" data-align=\"left\">Ingegneria Informatica e dell&#8217;Automazione<\/td><\/tr><tr><td class=\"has-text-align-left\" data-align=\"left\">Senzamici<\/td><td class=\"has-text-align-left\" data-align=\"left\">Marco<\/td><td class=\"has-text-align-left\" data-align=\"left\">Ingegneria Informatica e dell&#8217;Automazione<\/td><\/tr><tr><td class=\"has-text-align-left\" data-align=\"left\">La Manna<\/td><td class=\"has-text-align-left\" data-align=\"left\">Massimiliano<\/td><td class=\"has-text-align-left\" data-align=\"left\">Ingegneria Meccanica<\/td><\/tr><tr><td class=\"has-text-align-left\" data-align=\"left\">Balducci<\/td><td class=\"has-text-align-left\" data-align=\"left\">Davide<\/td><td class=\"has-text-align-left\" data-align=\"left\">Laurea Magistrale in Ingegneria Informatica e dell&#8217;Automazione<\/td><\/tr><tr><td class=\"has-text-align-left\" data-align=\"left\">Marini<\/td><td class=\"has-text-align-left\" data-align=\"left\">Nicola<\/td><td class=\"has-text-align-left\" data-align=\"left\">Ingegneria Meccanica<\/td><\/tr><tr><td class=\"has-text-align-left\" data-align=\"left\">Paolini<\/td><td class=\"has-text-align-left\" data-align=\"left\">Matteo<\/td><td class=\"has-text-align-left\" data-align=\"left\">Ingegneria Meccanica<\/td><\/tr><tr><td class=\"has-text-align-left\" data-align=\"left\">Giglioni<\/td><td class=\"has-text-align-left\" data-align=\"left\">Alice<\/td><td class=\"has-text-align-left\" data-align=\"left\">Ingegneria Meccanica<\/td><\/tr><tr><td class=\"has-text-align-left\" data-align=\"left\">D\u2019Angelo<\/td><td class=\"has-text-align-left\" data-align=\"left\">Martina<\/td><td class=\"has-text-align-left\" data-align=\"left\">Ingegneria Meccanica<\/td><\/tr><tr><td class=\"has-text-align-left\" data-align=\"left\">Di Pompeo<\/td><td class=\"has-text-align-left\" data-align=\"left\">Valentina<\/td><td class=\"has-text-align-left\" data-align=\"left\">Ingegneria Meccanica<\/td><\/tr><tr><td class=\"has-text-align-left\" data-align=\"left\">Bartoloni<\/td><td class=\"has-text-align-left\" data-align=\"left\">Enrico<\/td><td class=\"has-text-align-left\" data-align=\"left\">Ingegneria Meccanica<\/td><\/tr><tr><td class=\"has-text-align-left\" data-align=\"left\">Rutigliano<\/td><td class=\"has-text-align-left\" data-align=\"left\">Marco<\/td><td class=\"has-text-align-left\" data-align=\"left\">Ingegneria Meccanica<\/td><\/tr><tr><td class=\"has-text-align-left\" data-align=\"left\">Morsucci<\/td><td class=\"has-text-align-left\" data-align=\"left\">Edoardo<\/td><td class=\"has-text-align-left\" data-align=\"left\">Ingegneria Meccanica<\/td><\/tr><tr><td class=\"has-text-align-left\" data-align=\"left\">Spurio<\/td><td class=\"has-text-align-left\" data-align=\"left\">Stefano<\/td><td class=\"has-text-align-left\" data-align=\"left\">Ingegneria Meccanica<\/td><\/tr><tr><td class=\"has-text-align-left\" data-align=\"left\">Panfoli<\/td><td class=\"has-text-align-left\" data-align=\"left\">Matteo<\/td><td class=\"has-text-align-left\" data-align=\"left\">Ingegneria Meccanica<\/td><\/tr><\/tbody><\/table><\/figure>\n","protected":false},"excerpt":{"rendered":"<p>BANDO DI SELEZIONE ERASMUS+ A.A. 2023\/2024 MOBILIT\u00c0 PER STUDIO (SMS) PER PARTECIPARE ALBLENDED INTENSIVE PROGRAMME DAL TITOLO: New Perspectives in Robotics for Industry 5.0 Che cosa \u00e8 un ERASMUS BIP [&hellip;]<\/p>\n","protected":false},"author":7,"featured_media":0,"parent":0,"menu_order":0,"comment_status":"closed","ping_status":"closed","template":"","meta":{"footnotes":""},"class_list":["post-3755","page","type-page","status-publish","hentry"],"_links":{"self":[{"href":"https:\/\/mdm.univpm.it\/mdm\/wp-json\/wp\/v2\/pages\/3755","targetHints":{"allow":["GET"]}}],"collection":[{"href":"https:\/\/mdm.univpm.it\/mdm\/wp-json\/wp\/v2\/pages"}],"about":[{"href":"https:\/\/mdm.univpm.it\/mdm\/wp-json\/wp\/v2\/types\/page"}],"author":[{"embeddable":true,"href":"https:\/\/mdm.univpm.it\/mdm\/wp-json\/wp\/v2\/users\/7"}],"replies":[{"embeddable":true,"href":"https:\/\/mdm.univpm.it\/mdm\/wp-json\/wp\/v2\/comments?post=3755"}],"version-history":[{"count":5,"href":"https:\/\/mdm.univpm.it\/mdm\/wp-json\/wp\/v2\/pages\/3755\/revisions"}],"predecessor-version":[{"id":3823,"href":"https:\/\/mdm.univpm.it\/mdm\/wp-json\/wp\/v2\/pages\/3755\/revisions\/3823"}],"wp:attachment":[{"href":"https:\/\/mdm.univpm.it\/mdm\/wp-json\/wp\/v2\/media?parent=3755"}],"curies":[{"name":"wp","href":"https:\/\/api.w.org\/{rel}","templated":true}]}}